{"id":165,"date":"2025-12-08T13:11:30","date_gmt":"2025-12-08T13:11:30","guid":{"rendered":"https:\/\/lgcouverture-photovoltaique.fr\/?page_id=165"},"modified":"2025-12-09T08:00:37","modified_gmt":"2025-12-09T08:00:37","slug":"blog","status":"publish","type":"page","link":"https:\/\/lgcouverture-photovoltaique.fr\/index.php\/blog\/","title":{"rendered":"Blog"},"content":{"rendered":"\n[et_pb_section fb_built=\u00a0\u00bb1&Prime; custom_padding_last_edited=\u00a0\u00bboff|desktop\u00a0\u00bb admin_label=\u00a0\u00bbHeader\u00a0\u00bb _builder_version=\u00a0\u00bb4.27.4&Prime; _module_preset=\u00a0\u00bb_initial\u00a0\u00bb background_color=\u00a0\u00bb#418482&Prime; use_background_color_gradient=\u00a0\u00bbon\u00a0\u00bb background_color_gradient_stops=\u00a0\u00bbrgba(65,132,130,0.79) 0%|rgba(65,132,130,0.66) 100%\u00a0\u00bb background_color_gradient_overlays_image=\u00a0\u00bbon\u00a0\u00bb background_image=\u00a0\u00bbhttp:\/\/lgcouverture-photovoltaique.fr\/wp-content\/uploads\/2025\/12\/ardoise-motifs.png\u00a0\u00bb custom_margin=\u00a0\u00bb||||true|false\u00a0\u00bb custom_padding=\u00a0\u00bb135px||135px||true|false\u00a0\u00bb custom_padding_tablet=\u00a0\u00bb20vw||0px||false|false\u00a0\u00bb custom_padding_phone=\u00a0\u00bb20vw||0px||false|false\u00a0\u00bb global_colors_info=\u00a0\u00bb{}\u00a0\u00bb][et_pb_row _builder_version=\u00a0\u00bb4.27.4&Prime; _module_preset=\u00a0\u00bb_initial\u00a0\u00bb width=\u00a0\u00bb90%\u00a0\u00bb max_width=\u00a0\u00bb1500px\u00a0\u00bb custom_margin=\u00a0\u00bb||0px||false|false\u00a0\u00bb custom_padding=\u00a0\u00bb||0px||false|false\u00a0\u00bb global_colors_info=\u00a0\u00bb{}\u00a0\u00bb][et_pb_column type=\u00a0\u00bb4_4&Prime; _builder_version=\u00a0\u00bb4.25.2&Prime; _module_preset=\u00a0\u00bb_initial\u00a0\u00bb global_colors_info=\u00a0\u00bb{}\u00a0\u00bb][et_pb_heading title=\u00a0\u00bbBlog\u00a0\u00bb _builder_version=\u00a0\u00bb4.27.4&Prime; _module_preset=\u00a0\u00bb_initial\u00a0\u00bb title_level=\u00a0\u00bbh3&Prime; title_font=\u00a0\u00bbArimo|800||on|||||\u00a0\u00bb title_text_align=\u00a0\u00bbcenter\u00a0\u00bb title_text_color=\u00a0\u00bb#418482&Prime; title_font_size=\u00a0\u00bb26px\u00a0\u00bb title_letter_spacing=\u00a0\u00bb0.08px\u00a0\u00bb title_line_height=\u00a0\u00bb1.6em\u00a0\u00bb background_color=\u00a0\u00bb#c5dfde\u00a0\u00bb width=\u00a0\u00bb18%\u00a0\u00bb module_alignment=\u00a0\u00bbleft\u00a0\u00bb custom_margin=\u00a0\u00bb||||false|false\u00a0\u00bb custom_padding=\u00a0\u00bb10px|6px||6px|false|true\u00a0\u00bb title_font_size_tablet=\u00a0\u00bb13px\u00a0\u00bb title_font_size_phone=\u00a0\u00bb12px\u00a0\u00bb title_font_size_last_edited=\u00a0\u00bbon|desktop\u00a0\u00bb border_radii=\u00a0\u00bbon|20px|20px|20px|20px\u00a0\u00bb global_colors_info=\u00a0\u00bb{}\u00a0\u00bb][\/et_pb_heading][et_pb_heading title=\u00a0\u00bbActualit\u00e9s &#038; Conseils\u00a0\u00bb _builder_version=\u00a0\u00bb4.27.4&Prime; _module_preset=\u00a0\u00bb_initial\u00a0\u00bb title_level=\u00a0\u00bbh4&Prime; title_font=\u00a0\u00bbArimo|700||on|||||\u00a0\u00bb title_text_color=\u00a0\u00bb#FFFFFF\u00a0\u00bb title_font_size=\u00a0\u00bb18px\u00a0\u00bb title_letter_spacing=\u00a0\u00bb0.08px\u00a0\u00bb title_line_height=\u00a0\u00bb1.6em\u00a0\u00bb custom_margin=\u00a0\u00bb||10px||false|false\u00a0\u00bb title_font_size_tablet=\u00a0\u00bb13px\u00a0\u00bb title_font_size_phone=\u00a0\u00bb12px\u00a0\u00bb title_font_size_last_edited=\u00a0\u00bbon|desktop\u00a0\u00bb global_colors_info=\u00a0\u00bb{}\u00a0\u00bb][\/et_pb_heading][et_pb_heading title=\u00a0\u00bbRetrouvez nos articles sur le photovolta\u00efque, la couverture et toutes nos actualit\u00e9s pour vous aider \u00e0 mieux comprendre et optimiser votre projet\u00a0\u00bb _builder_version=\u00a0\u00bb4.27.4&Prime; _module_preset=\u00a0\u00bb_initial\u00a0\u00bb title_level=\u00a0\u00bbh4&Prime; title_font=\u00a0\u00bb&#8211;et_global_body_font|600||on|||||\u00a0\u00bb title_text_color=\u00a0\u00bb#FFFFFF\u00a0\u00bb title_font_size=\u00a0\u00bb16px\u00a0\u00bb title_letter_spacing=\u00a0\u00bb0.08px\u00a0\u00bb title_line_height=\u00a0\u00bb1.6em\u00a0\u00bb width=\u00a0\u00bb65%\u00a0\u00bb custom_margin=\u00a0\u00bb||10px||false|false\u00a0\u00bb title_font_size_tablet=\u00a0\u00bb13px\u00a0\u00bb title_font_size_phone=\u00a0\u00bb12px\u00a0\u00bb title_font_size_last_edited=\u00a0\u00bbon|desktop\u00a0\u00bb global_colors_info=\u00a0\u00bb{}\u00a0\u00bb][\/et_pb_heading][et_pb_button button_text=\u00a0\u00bbContactez-nous\u00a0\u00bb button_alignment=\u00a0\u00bbright\u00a0\u00bb _builder_version=\u00a0\u00bb4.27.5&Prime; _module_preset=\u00a0\u00bbdefault\u00a0\u00bb custom_button=\u00a0\u00bbon\u00a0\u00bb button_text_size=\u00a0\u00bb22px\u00a0\u00bb button_text_color=\u00a0\u00bb#418482&Prime; button_bg_color=\u00a0\u00bb#E8F3F3&Prime; button_border_width=\u00a0\u00bb3px\u00a0\u00bb button_border_radius=\u00a0\u00bb20px\u00a0\u00bb button_font=\u00a0\u00bbArimo|500|||||||\u00a0\u00bb button_icon=\u00a0\u00bb&#xf4ff;||fa||900&Prime; custom_margin=\u00a0\u00bb|||-70px|false|false\u00a0\u00bb hover_enabled=\u00a0\u00bb0&Prime; global_colors_info=\u00a0\u00bb{}\u00a0\u00bb button_url=\u00a0\u00bb@ET-DC@eyJkeW5hbWljIjp0cnVlLCJjb250ZW50IjoicG9zdF9saW5rX3VybF9wYWdlIiwic2V0dGluZ3MiOnsicG9zdF9pZCI6IjIyMyJ9fQ==@\u00a0\u00bb _dynamic_attributes=\u00a0\u00bbbutton_url\u00a0\u00bb sticky_enabled=\u00a0\u00bb0&Prime;][\/et_pb_button][\/et_pb_column][\/et_pb_row][\/et_pb_section][et_pb_section fb_built=\u00a0\u00bb1&Prime; _builder_version=\u00a0\u00bb4.27.4&Prime; _module_preset=\u00a0\u00bbdefault\u00a0\u00bb global_colors_info=\u00a0\u00bb{}\u00a0\u00bb][et_pb_row _builder_version=\u00a0\u00bb4.27.4&Prime; _module_preset=\u00a0\u00bbdefault\u00a0\u00bb background_color=\u00a0\u00bb#E8F3F3&Prime; max_width=\u00a0\u00bb1200px\u00a0\u00bb module_alignment=\u00a0\u00bbcenter\u00a0\u00bb custom_padding=\u00a0\u00bb60px|60px|60px|60px|true|true\u00a0\u00bb border_radii=\u00a0\u00bbon|20px|20px|20px|20px\u00a0\u00bb border_width_all=\u00a0\u00bb4px\u00a0\u00bb border_color_all=\u00a0\u00bb#418482&Prime; global_colors_info=\u00a0\u00bb{}\u00a0\u00bb][et_pb_column type=\u00a0\u00bb4_4&Prime; _builder_version=\u00a0\u00bb4.27.4&Prime; _module_preset=\u00a0\u00bbdefault\u00a0\u00bb global_colors_info=\u00a0\u00bb{}\u00a0\u00bb][et_pb_blog show_more=\u00a0\u00bbon\u00a0\u00bb show_author=\u00a0\u00bboff\u00a0\u00bb _builder_version=\u00a0\u00bb4.27.4&Prime; _module_preset=\u00a0\u00bbdefault\u00a0\u00bb header_font=\u00a0\u00bbArimo||||||||\u00a0\u00bb header_text_color=\u00a0\u00bb#418482&Prime; body_text_color=\u00a0\u00bb#418482&Prime; body_font_size=\u00a0\u00bb16px\u00a0\u00bb meta_font=\u00a0\u00bb&#8211;et_global_body_font||||||||\u00a0\u00bb meta_text_color=\u00a0\u00bb#418482&Prime; read_more_text_color=\u00a0\u00bb#000000&Prime; border_radii_image=\u00a0\u00bbon|20px|20px|20px|20px\u00a0\u00bb global_colors_info=\u00a0\u00bb{}\u00a0\u00bb][\/et_pb_blog][\/et_pb_column][\/et_pb_row][\/et_pb_section][et_pb_section fb_built=\u00a0\u00bb1&Prime; _builder_version=\u00a0\u00bb4.27.4&Prime; _module_preset=\u00a0\u00bbdefault\u00a0\u00bb global_colors_info=\u00a0\u00bb{}\u00a0\u00bb][et_pb_row _builder_version=\u00a0\u00bb4.27.4&Prime; _module_preset=\u00a0\u00bbdefault\u00a0\u00bb background_color=\u00a0\u00bb#E8F3F3&Prime; border_radii=\u00a0\u00bbon|20px|20px|20px|20px\u00a0\u00bb global_colors_info=\u00a0\u00bb{}\u00a0\u00bb][et_pb_column type=\u00a0\u00bb4_4&Prime; _builder_version=\u00a0\u00bb4.27.4&Prime; _module_preset=\u00a0\u00bbdefault\u00a0\u00bb global_colors_info=\u00a0\u00bb{}\u00a0\u00bb][et_pb_blurb title=\u00a0\u00bbVous avez d&rsquo;autres questions ? \u00a0\u00bb content_max_width=\u00a0\u00bb1002px\u00a0\u00bb _builder_version=\u00a0\u00bb4.27.4&Prime; _module_preset=\u00a0\u00bbdefault\u00a0\u00bb header_font=\u00a0\u00bbArimo|700|||||||\u00a0\u00bb header_text_align=\u00a0\u00bbcenter\u00a0\u00bb header_font_size=\u00a0\u00bb22px\u00a0\u00bb body_font=\u00a0\u00bb&#8211;et_global_body_font|500|||||||\u00a0\u00bb body_text_align=\u00a0\u00bbcenter\u00a0\u00bb body_text_color=\u00a0\u00bb#000000&Prime; body_font_size=\u00a0\u00bb20px\u00a0\u00bb global_colors_info=\u00a0\u00bb{}\u00a0\u00bb]<p>N&rsquo;h\u00e9sitez pas \u00e0 nous contacter, notre \u00e9quipe se fera un plaisir de vous r\u00e9pondre<\/p>[\/et_pb_blurb][et_pb_blurb use_icon=\u00a0\u00bbon\u00a0\u00bb font_icon=\u00a0\u00bb&#xf879;||fa||900&Prime; icon_color=\u00a0\u00bb#418482&Prime; icon_placement=\u00a0\u00bbleft\u00a0\u00bb content_max_width=\u00a0\u00bb220px\u00a0\u00bb _builder_version=\u00a0\u00bb4.27.4&Prime; _module_preset=\u00a0\u00bbdefault\u00a0\u00bb body_font=\u00a0\u00bb&#8211;et_global_body_font|700|||||||\u00a0\u00bb body_text_color=\u00a0\u00bb#418482&Prime; body_font_size=\u00a0\u00bb16px\u00a0\u00bb global_colors_info=\u00a0\u00bb{}\u00a0\u00bb]<p>02 41 24 31 71<\/p>[\/et_pb_blurb][\/et_pb_column][\/et_pb_row][\/et_pb_section]\n","protected":false},"excerpt":{"rendered":"<p>N&rsquo;h\u00e9sitez pas \u00e0 nous contacter, notre \u00e9quipe se fera un plaisir de vous r\u00e9pondre02 41 24 31 71<\/p>\n","protected":false},"author":1,"featured_media":0,"parent":0,"menu_order":0,"comment_status":"closed","ping_status":"closed","template":"","meta":{"_et_pb_use_builder":"on","_et_pb_old_content":"","_et_gb_content_width":"","footnotes":""},"class_list":["post-165","page","type-page","status-publish","hentry"],"yoast_head":"<!-- This site is optimized with the Yoast SEO plugin v27.2 - https:\/\/yoast.com\/product\/yoast-seo-wordpress\/ -->\n<title>Blog lg couverture : Conseils pour votre toiture - lgcouverture-photovoltaique<\/title>\n<meta name=\"description\" content=\"Retrouvez nos articles sur le photovolta\u00efque, la couverture et toutes nos actualit\u00e9s pour vous aider \u00e0 mieux comprendre...\" \/>\n<meta name=\"robots\" content=\"index, follow, max-snippet:-1, max-image-preview:large, max-video-preview:-1\" \/>\n<link rel=\"canonical\" href=\"https:\/\/lgcouverture-photovoltaique.fr\/index.php\/blog\/\" \/>\n<meta property=\"og:locale\" content=\"fr_FR\" \/>\n<meta property=\"og:type\" content=\"article\" \/>\n<meta property=\"og:title\" content=\"Blog lg couverture : Conseils pour votre toiture - lgcouverture-photovoltaique\" \/>\n<meta property=\"og:description\" content=\"Retrouvez nos articles sur le photovolta\u00efque, la couverture et toutes nos actualit\u00e9s pour vous aider \u00e0 mieux comprendre...\" \/>\n<meta property=\"og:url\" content=\"https:\/\/lgcouverture-photovoltaique.fr\/index.php\/blog\/\" \/>\n<meta property=\"og:site_name\" content=\"lgcouverture-photovoltaique\" \/>\n<meta property=\"article:modified_time\" content=\"2025-12-09T08:00:37+00:00\" \/>\n<meta name=\"twitter:card\" content=\"summary_large_image\" \/>\n<meta name=\"twitter:label1\" content=\"Dur\u00e9e de lecture estim\u00e9e\" \/>\n\t<meta name=\"twitter:data1\" content=\"2 minutes\" \/>\n<script type=\"application\/ld+json\" class=\"yoast-schema-graph\">{\"@context\":\"https:\/\/schema.org\",\"@graph\":[{\"@type\":\"WebPage\",\"@id\":\"https:\/\/lgcouverture-photovoltaique.fr\/index.php\/blog\/\",\"url\":\"https:\/\/lgcouverture-photovoltaique.fr\/index.php\/blog\/\",\"name\":\"Blog lg couverture : Conseils pour votre toiture - lgcouverture-photovoltaique\",\"isPartOf\":{\"@id\":\"https:\/\/lgcouverture-photovoltaique.fr\/#website\"},\"datePublished\":\"2025-12-08T13:11:30+00:00\",\"dateModified\":\"2025-12-09T08:00:37+00:00\",\"description\":\"Retrouvez nos articles sur le photovolta\u00efque, la couverture et toutes nos actualit\u00e9s pour vous aider \u00e0 mieux comprendre...\",\"breadcrumb\":{\"@id\":\"https:\/\/lgcouverture-photovoltaique.fr\/index.php\/blog\/#breadcrumb\"},\"inLanguage\":\"fr-FR\",\"potentialAction\":[{\"@type\":\"ReadAction\",\"target\":[\"https:\/\/lgcouverture-photovoltaique.fr\/index.php\/blog\/\"]}]},{\"@type\":\"BreadcrumbList\",\"@id\":\"https:\/\/lgcouverture-photovoltaique.fr\/index.php\/blog\/#breadcrumb\",\"itemListElement\":[{\"@type\":\"ListItem\",\"position\":1,\"name\":\"Accueil\",\"item\":\"https:\/\/lgcouverture-photovoltaique.fr\/\"},{\"@type\":\"ListItem\",\"position\":2,\"name\":\"Blog\"}]},{\"@type\":\"WebSite\",\"@id\":\"https:\/\/lgcouverture-photovoltaique.fr\/#website\",\"url\":\"https:\/\/lgcouverture-photovoltaique.fr\/\",\"name\":\"lgcouverture-photovoltaique\",\"description\":\"Votre expert en couverture et \u00e9nergie solaire\",\"publisher\":{\"@id\":\"https:\/\/lgcouverture-photovoltaique.fr\/#organization\"},\"potentialAction\":[{\"@type\":\"SearchAction\",\"target\":{\"@type\":\"EntryPoint\",\"urlTemplate\":\"https:\/\/lgcouverture-photovoltaique.fr\/?s={search_term_string}\"},\"query-input\":{\"@type\":\"PropertyValueSpecification\",\"valueRequired\":true,\"valueName\":\"search_term_string\"}}],\"inLanguage\":\"fr-FR\"},{\"@type\":\"Organization\",\"@id\":\"https:\/\/lgcouverture-photovoltaique.fr\/#organization\",\"name\":\"lgcouverture-photovoltaique\",\"url\":\"https:\/\/lgcouverture-photovoltaique.fr\/\",\"logo\":{\"@type\":\"ImageObject\",\"inLanguage\":\"fr-FR\",\"@id\":\"https:\/\/lgcouverture-photovoltaique.fr\/#\/schema\/logo\/image\/\",\"url\":\"http:\/\/lgcouverture-photovoltaique.fr\/wp-content\/uploads\/2025\/12\/cropped-logo-lg.png\",\"contentUrl\":\"http:\/\/lgcouverture-photovoltaique.fr\/wp-content\/uploads\/2025\/12\/cropped-logo-lg.png\",\"width\":512,\"height\":512,\"caption\":\"lgcouverture-photovoltaique\"},\"image\":{\"@id\":\"https:\/\/lgcouverture-photovoltaique.fr\/#\/schema\/logo\/image\/\"}}]}<\/script>\n<!-- \/ Yoast SEO plugin. -->","yoast_head_json":{"title":"Blog lg couverture : Conseils pour votre toiture - lgcouverture-photovoltaique","description":"Retrouvez nos articles sur le photovolta\u00efque, la couverture et toutes nos actualit\u00e9s pour vous aider \u00e0 mieux comprendre...","robots":{"index":"index","follow":"follow","max-snippet":"max-snippet:-1","max-image-preview":"max-image-preview:large","max-video-preview":"max-video-preview:-1"},"canonical":"https:\/\/lgcouverture-photovoltaique.fr\/index.php\/blog\/","og_locale":"fr_FR","og_type":"article","og_title":"Blog lg couverture : Conseils pour votre toiture - lgcouverture-photovoltaique","og_description":"Retrouvez nos articles sur le photovolta\u00efque, la couverture et toutes nos actualit\u00e9s pour vous aider \u00e0 mieux comprendre...","og_url":"https:\/\/lgcouverture-photovoltaique.fr\/index.php\/blog\/","og_site_name":"lgcouverture-photovoltaique","article_modified_time":"2025-12-09T08:00:37+00:00","twitter_card":"summary_large_image","twitter_misc":{"Dur\u00e9e de lecture estim\u00e9e":"2 minutes"},"schema":{"@context":"https:\/\/schema.org","@graph":[{"@type":"WebPage","@id":"https:\/\/lgcouverture-photovoltaique.fr\/index.php\/blog\/","url":"https:\/\/lgcouverture-photovoltaique.fr\/index.php\/blog\/","name":"Blog lg couverture : Conseils pour votre toiture - lgcouverture-photovoltaique","isPartOf":{"@id":"https:\/\/lgcouverture-photovoltaique.fr\/#website"},"datePublished":"2025-12-08T13:11:30+00:00","dateModified":"2025-12-09T08:00:37+00:00","description":"Retrouvez nos articles sur le photovolta\u00efque, la couverture et toutes nos actualit\u00e9s pour vous aider \u00e0 mieux comprendre...","breadcrumb":{"@id":"https:\/\/lgcouverture-photovoltaique.fr\/index.php\/blog\/#breadcrumb"},"inLanguage":"fr-FR","potentialAction":[{"@type":"ReadAction","target":["https:\/\/lgcouverture-photovoltaique.fr\/index.php\/blog\/"]}]},{"@type":"BreadcrumbList","@id":"https:\/\/lgcouverture-photovoltaique.fr\/index.php\/blog\/#breadcrumb","itemListElement":[{"@type":"ListItem","position":1,"name":"Accueil","item":"https:\/\/lgcouverture-photovoltaique.fr\/"},{"@type":"ListItem","position":2,"name":"Blog"}]},{"@type":"WebSite","@id":"https:\/\/lgcouverture-photovoltaique.fr\/#website","url":"https:\/\/lgcouverture-photovoltaique.fr\/","name":"lgcouverture-photovoltaique","description":"Votre expert en couverture et \u00e9nergie solaire","publisher":{"@id":"https:\/\/lgcouverture-photovoltaique.fr\/#organization"},"potentialAction":[{"@type":"SearchAction","target":{"@type":"EntryPoint","urlTemplate":"https:\/\/lgcouverture-photovoltaique.fr\/?s={search_term_string}"},"query-input":{"@type":"PropertyValueSpecification","valueRequired":true,"valueName":"search_term_string"}}],"inLanguage":"fr-FR"},{"@type":"Organization","@id":"https:\/\/lgcouverture-photovoltaique.fr\/#organization","name":"lgcouverture-photovoltaique","url":"https:\/\/lgcouverture-photovoltaique.fr\/","logo":{"@type":"ImageObject","inLanguage":"fr-FR","@id":"https:\/\/lgcouverture-photovoltaique.fr\/#\/schema\/logo\/image\/","url":"http:\/\/lgcouverture-photovoltaique.fr\/wp-content\/uploads\/2025\/12\/cropped-logo-lg.png","contentUrl":"http:\/\/lgcouverture-photovoltaique.fr\/wp-content\/uploads\/2025\/12\/cropped-logo-lg.png","width":512,"height":512,"caption":"lgcouverture-photovoltaique"},"image":{"@id":"https:\/\/lgcouverture-photovoltaique.fr\/#\/schema\/logo\/image\/"}}]}},"_links":{"self":[{"href":"https:\/\/lgcouverture-photovoltaique.fr\/index.php\/wp-json\/wp\/v2\/pages\/165","targetHints":{"allow":["GET"]}}],"collection":[{"href":"https:\/\/lgcouverture-photovoltaique.fr\/index.php\/wp-json\/wp\/v2\/pages"}],"about":[{"href":"https:\/\/lgcouverture-photovoltaique.fr\/index.php\/wp-json\/wp\/v2\/types\/page"}],"author":[{"embeddable":true,"href":"https:\/\/lgcouverture-photovoltaique.fr\/index.php\/wp-json\/wp\/v2\/users\/1"}],"replies":[{"embeddable":true,"href":"https:\/\/lgcouverture-photovoltaique.fr\/index.php\/wp-json\/wp\/v2\/comments?post=165"}],"version-history":[{"count":6,"href":"https:\/\/lgcouverture-photovoltaique.fr\/index.php\/wp-json\/wp\/v2\/pages\/165\/revisions"}],"predecessor-version":[{"id":268,"href":"https:\/\/lgcouverture-photovoltaique.fr\/index.php\/wp-json\/wp\/v2\/pages\/165\/revisions\/268"}],"wp:attachment":[{"href":"https:\/\/lgcouverture-photovoltaique.fr\/index.php\/wp-json\/wp\/v2\/media?parent=165"}],"curies":[{"name":"wp","href":"https:\/\/api.w.org\/{rel}","templated":true}]}}